{"id":151,"date":"2022-04-03T13:47:37","date_gmt":"2022-04-03T13:47:37","guid":{"rendered":"http:\/\/xn--schwarzwaldknstler-x6b.de\/?page_id=151"},"modified":"2022-04-20T17:25:45","modified_gmt":"2022-04-20T17:25:45","slug":"zeichnungen","status":"publish","type":"page","link":"https:\/\/xn--schwarzwaldknstler-x6b.de\/?page_id=151","title":{"rendered":"Zeichnungen"},"content":{"rendered":"\t\t<div data-elementor-type=\"wp-page\" data-elementor-id=\"151\" class=\"elementor elementor-151\">\n\t\t\t\t\t\t<section class=\"elementor-section elementor-top-section elementor-element elementor-element-2f7a8f7 elementor-section-boxed elementor-section-height-default elementor-section-height-default\" data-id=\"2f7a8f7\" data-element_type=\"section\" data-e-type=\"section\">\n\t\t\t\t\t\t<div class=\"elementor-container elementor-column-gap-default\">\n\t\t\t\t\t<div class=\"elementor-column elementor-col-100 elementor-top-column elementor-element elementor-element-59c434f\" data-id=\"59c434f\" data-element_type=\"column\" data-e-type=\"column\">\n\t\t\t<div class=\"elementor-widget-wrap elementor-element-populated\">\n\t\t\t\t\t\t<div class=\"elementor-element elementor-element-9e4f99d elementor-widget elementor-widget-text-editor\" data-id=\"9e4f99d\" data-element_type=\"widget\" data-e-type=\"widget\" data-widget_type=\"text-editor.default\">\n\t\t\t\t<div class=\"elementor-widget-container\">\n\t\t\t\t\t\t\t\t\t<h4>Zeichnungen waren wohl die ersten k\u00fcnstlerischen \u00c4u\u00dferungen des Menschen. Mit dem Finger in den Sand gezeichnete Linien.<\/h4><h4>\u00dcber Jahrtausende wurden Zeichnungen angefertigt als Pl\u00e4ne oder als Kunstwerke oder auch als Vorl\u00e4ufer der Fotografie, als Dokumentationen.<\/h4><h4>Instrumente zur Anfertigung waren zuerst Grabstichel (z.B. bei Ton- oder Wachstafeln) und sp\u00e4ter in der Kunst Silberstifte, Holzkohle, R\u00f6tel, Sepiastifte. Kreiden u.v.m.<\/h4><p>\u00a0<\/p>\t\t\t\t\t\t\t\t<\/div>\n\t\t\t\t<\/div>\n\t\t\t\t\t<\/div>\n\t\t<\/div>\n\t\t\t\t\t<\/div>\n\t\t<\/section>\n\t\t\t\t<section class=\"elementor-section elementor-top-section elementor-element elementor-element-8b08bd9 elementor-section-boxed elementor-section-height-default elementor-section-height-default\" data-id=\"8b08bd9\" data-element_type=\"section\" data-e-type=\"section\">\n\t\t\t\t\t\t<div class=\"elementor-container elementor-column-gap-default\">\n\t\t\t\t\t<div class=\"elementor-column elementor-col-100 elementor-top-column elementor-element elementor-element-39236ba\" data-id=\"39236ba\" data-element_type=\"column\" data-e-type=\"column\">\n\t\t\t<div class=\"elementor-widget-wrap elementor-element-populated\">\n\t\t\t\t\t\t<div class=\"elementor-element elementor-element-d78b36c elementor-widget elementor-widget-image-gallery\" data-id=\"d78b36c\" data-element_type=\"widget\" data-e-type=\"widget\" data-widget_type=\"image-gallery.default\">\n\t\t\t\t<div class=\"elementor-widget-container\">\n\t\t\t\t\t\t\t<div class=\"elementor-image-gallery\">\n\t\t\t<div id='gallery-1' class='gallery galleryid-151 gallery-columns-4 gallery-size-thumbnail'><figure class='gallery-item'>\n\t\t\t<div class='gallery-icon landscape'>\n\t\t\t\t<a data-elementor-open-lightbox=\"yes\" data-elementor-lightbox-slideshow=\"d78b36c\" data-e-action-hash=\"#elementor-action%3Aaction%3Dlightbox%26settings%3DeyJpZCI6NDg3LCJ1cmwiOiJodHRwczpcL1wveG4tLXNjaHdhcnp3YWxka25zdGxlci14NmIuZGVcL3dwLWNvbnRlbnRcL3VwbG9hZHNcLzIwMjJcLzA0XC9UdWxwZW4tWmVpY2gtc2NhbGVkLWUxNjUwODg0MzA2ODMwLmpwZyIsInNsaWRlc2hvdyI6ImQ3OGIzNmMifQ%3D%3D\" href='https:\/\/xn--schwarzwaldknstler-x6b.de\/wp-content\/uploads\/2022\/04\/Tulpen-Zeich-scaled-e1650884306830.jpg'><img decoding=\"async\" width=\"150\" height=\"150\" src=\"https:\/\/xn--schwarzwaldknstler-x6b.de\/wp-content\/uploads\/2022\/04\/Tulpen-Zeich-150x150.jpg\" class=\"attachment-thumbnail size-thumbnail\" alt=\"\" aria-describedby=\"gallery-1-487\" srcset=\"https:\/\/xn--schwarzwaldknstler-x6b.de\/wp-content\/uploads\/2022\/04\/Tulpen-Zeich-150x150.jpg 150w, https:\/\/xn--schwarzwaldknstler-x6b.de\/wp-content\/uploads\/2022\/04\/Tulpen-Zeich-600x600.jpg 600w\" sizes=\"(max-width: 150px) 100vw, 150px\" \/><\/a>\n\t\t\t<\/div>\n\t\t\t\t<figcaption class='wp-caption-text gallery-caption' id='gallery-1-487'>\n\t\t\t\tTulpen Aquarell. \u00fcber Federzeichnung\n\t\t\t\t<\/figcaption><\/figure><figure class='gallery-item'>\n\t\t\t<div class='gallery-icon landscape'>\n\t\t\t\t<a data-elementor-open-lightbox=\"yes\" data-elementor-lightbox-slideshow=\"d78b36c\" data-e-action-hash=\"#elementor-action%3Aaction%3Dlightbox%26settings%3DeyJpZCI6NDkyLCJ1cmwiOiJodHRwczpcL1wveG4tLXNjaHdhcnp3YWxka25zdGxlci14NmIuZGVcL3dwLWNvbnRlbnRcL3VwbG9hZHNcLzIwMjJcLzA0XC9EU0NONTA3Mi0xLXNjYWxlZC1lMTY1MDg4NDI3Nzg3OS5qcGciLCJzbGlkZXNob3ciOiJkNzhiMzZjIn0%3D\" href='https:\/\/xn--schwarzwaldknstler-x6b.de\/wp-content\/uploads\/2022\/04\/DSCN5072-1-scaled-e1650884277879.jpg'><img decoding=\"async\" width=\"150\" height=\"150\" src=\"https:\/\/xn--schwarzwaldknstler-x6b.de\/wp-content\/uploads\/2022\/04\/DSCN5072-1-150x150.jpg\" class=\"attachment-thumbnail size-thumbnail\" alt=\"\" aria-describedby=\"gallery-1-492\" srcset=\"https:\/\/xn--schwarzwaldknstler-x6b.de\/wp-content\/uploads\/2022\/04\/DSCN5072-1-150x150.jpg 150w, https:\/\/xn--schwarzwaldknstler-x6b.de\/wp-content\/uploads\/2022\/04\/DSCN5072-1-600x600.jpg 600w\" sizes=\"(max-width: 150px) 100vw, 150px\" \/><\/a>\n\t\t\t<\/div>\n\t\t\t\t<figcaption class='wp-caption-text gallery-caption' id='gallery-1-492'>\n\t\t\t\tBleistiftzeichnung\n\t\t\t\t<\/figcaption><\/figure><figure class='gallery-item'>\n\t\t\t<div class='gallery-icon landscape'>\n\t\t\t\t<a data-elementor-open-lightbox=\"yes\" data-elementor-lightbox-slideshow=\"d78b36c\" data-e-action-hash=\"#elementor-action%3Aaction%3Dlightbox%26settings%3DeyJpZCI6NDg4LCJ1cmwiOiJodHRwczpcL1wveG4tLXNjaHdhcnp3YWxka25zdGxlci14NmIuZGVcL3dwLWNvbnRlbnRcL3VwbG9hZHNcLzIwMjJcLzA0XC96ZWljaG5lbnRlLXNjYWxlZC1lMTY1MDg4NDI5MDc0NC5qcGciLCJzbGlkZXNob3ciOiJkNzhiMzZjIn0%3D\" href='https:\/\/xn--schwarzwaldknstler-x6b.de\/wp-content\/uploads\/2022\/04\/zeichnente-scaled-e1650884290744.jpg'><img decoding=\"async\" width=\"150\" height=\"150\" src=\"https:\/\/xn--schwarzwaldknstler-x6b.de\/wp-content\/uploads\/2022\/04\/zeichnente-150x150.jpg\" class=\"attachment-thumbnail size-thumbnail\" alt=\"\" aria-describedby=\"gallery-1-488\" srcset=\"https:\/\/xn--schwarzwaldknstler-x6b.de\/wp-content\/uploads\/2022\/04\/zeichnente-150x150.jpg 150w, https:\/\/xn--schwarzwaldknstler-x6b.de\/wp-content\/uploads\/2022\/04\/zeichnente-600x600.jpg 600w\" sizes=\"(max-width: 150px) 100vw, 150px\" \/><\/a>\n\t\t\t<\/div>\n\t\t\t\t<figcaption class='wp-caption-text gallery-caption' id='gallery-1-488'>\n\t\t\t\tFederzeichnung\n\t\t\t\t<\/figcaption><\/figure><figure class='gallery-item'>\n\t\t\t<div class='gallery-icon landscape'>\n\t\t\t\t<a data-elementor-open-lightbox=\"yes\" data-elementor-lightbox-slideshow=\"d78b36c\" data-e-action-hash=\"#elementor-action%3Aaction%3Dlightbox%26settings%3DeyJpZCI6NDc5LCJ1cmwiOiJodHRwczpcL1wveG4tLXNjaHdhcnp3YWxka25zdGxlci14NmIuZGVcL3dwLWNvbnRlbnRcL3VwbG9hZHNcLzIwMjJcLzA0XC9BcmFiLWUxNjUwODg0NTI5NTk0LmpwZyIsInNsaWRlc2hvdyI6ImQ3OGIzNmMifQ%3D%3D\" data-elementor-lightbox-title=\"Araber\" href='https:\/\/xn--schwarzwaldknstler-x6b.de\/wp-content\/uploads\/2022\/04\/Arab-e1650884529594.jpg'><img loading=\"lazy\" decoding=\"async\" width=\"150\" height=\"150\" src=\"https:\/\/xn--schwarzwaldknstler-x6b.de\/wp-content\/uploads\/2022\/04\/Arab-150x150.jpg\" class=\"attachment-thumbnail size-thumbnail\" alt=\"\" aria-describedby=\"gallery-1-479\" srcset=\"https:\/\/xn--schwarzwaldknstler-x6b.de\/wp-content\/uploads\/2022\/04\/Arab-150x150.jpg 150w, https:\/\/xn--schwarzwaldknstler-x6b.de\/wp-content\/uploads\/2022\/04\/Arab-600x600.jpg 600w\" sizes=\"(max-width: 150px) 100vw, 150px\" \/><\/a>\n\t\t\t<\/div>\n\t\t\t\t<figcaption class='wp-caption-text gallery-caption' id='gallery-1-479'>\n\t\t\t\tBleistiftzeichnung\n\t\t\t\t<\/figcaption><\/figure>\n\t\t<\/div>\n\t\t<\/div>\n\t\t\t\t\t\t<\/div>\n\t\t\t\t<\/div>\n\t\t\t\t\t<\/div>\n\t\t<\/div>\n\t\t\t\t\t<\/div>\n\t\t<\/section>\n\t\t\t\t<\/div>\n\t\t","protected":false},"excerpt":{"rendered":"<p>Zeichnungen waren wohl die ersten k\u00fcnstlerischen \u00c4u\u00dferungen des Menschen. Mit dem Finger in den Sand gezeichnete Linien. \u00dcber Jahrtausende wurden Zeichnungen angefertigt als Pl\u00e4ne oder als Kunstwerke oder auch als Vorl\u00e4ufer der Fotografie, als Dokumentationen. Instrumente zur Anfertigung waren zuerst Grabstichel (z.B. bei Ton- oder Wachstafeln) und sp\u00e4ter in der Kunst Silberstifte, Holzkohle, R\u00f6tel, Sepiastifte. [&hellip;]<\/p>\n","protected":false},"author":1,"featured_media":0,"parent":0,"menu_order":0,"comment_status":"closed","ping_status":"closed","template":"","meta":{"ocean_post_layout":"","ocean_both_sidebars_style":"","ocean_both_sidebars_content_width":0,"ocean_both_sidebars_sidebars_width":0,"ocean_sidebar":"","ocean_second_sidebar":"","ocean_disable_margins":"enable","ocean_add_body_class":"","ocean_shortcode_before_top_bar":"","ocean_shortcode_after_top_bar":"","ocean_shortcode_before_header":"","ocean_shortcode_after_header":"","ocean_has_shortcode":"","ocean_shortcode_after_title":"","ocean_shortcode_before_footer_widgets":"","ocean_shortcode_after_footer_widgets":"","ocean_shortcode_before_footer_bottom":"","ocean_shortcode_after_footer_bottom":"","ocean_display_top_bar":"default","ocean_display_header":"default","ocean_header_style":"","ocean_center_header_left_menu":"","ocean_custom_header_template":"","ocean_custom_logo":0,"ocean_custom_retina_logo":0,"ocean_custom_logo_max_width":0,"ocean_custom_logo_tablet_max_width":0,"ocean_custom_logo_mobile_max_width":0,"ocean_custom_logo_max_height":0,"ocean_custom_logo_tablet_max_height":0,"ocean_custom_logo_mobile_max_height":0,"ocean_header_custom_menu":"","ocean_menu_typo_font_family":"","ocean_menu_typo_font_subset":"","ocean_menu_typo_font_size":0,"ocean_menu_typo_font_size_tablet":0,"ocean_menu_typo_font_size_mobile":0,"ocean_menu_typo_font_size_unit":"px","ocean_menu_typo_font_weight":"","ocean_menu_typo_font_weight_tablet":"","ocean_menu_typo_font_weight_mobile":"","ocean_menu_typo_transform":"","ocean_menu_typo_transform_tablet":"","ocean_menu_typo_transform_mobile":"","ocean_menu_typo_line_height":0,"ocean_menu_typo_line_height_tablet":0,"ocean_menu_typo_line_height_mobile":0,"ocean_menu_typo_line_height_unit":"","ocean_menu_typo_spacing":0,"ocean_menu_typo_spacing_tablet":0,"ocean_menu_typo_spacing_mobile":0,"ocean_menu_typo_spacing_unit":"","ocean_menu_link_color":"","ocean_menu_link_color_hover":"","ocean_menu_link_color_active":"","ocean_menu_link_background":"","ocean_menu_link_hover_background":"","ocean_menu_link_active_background":"","ocean_menu_social_links_bg":"","ocean_menu_social_hover_links_bg":"","ocean_menu_social_links_color":"","ocean_menu_social_hover_links_color":"","ocean_disable_title":"default","ocean_disable_heading":"default","ocean_post_title":"","ocean_post_subheading":"","ocean_post_title_style":"","ocean_post_title_background_color":"","ocean_post_title_background":0,"ocean_post_title_bg_image_position":"","ocean_post_title_bg_image_attachment":"","ocean_post_title_bg_image_repeat":"","ocean_post_title_bg_image_size":"","ocean_post_title_height":0,"ocean_post_title_bg_overlay":0.5,"ocean_post_title_bg_overlay_color":"","ocean_disable_breadcrumbs":"default","ocean_breadcrumbs_color":"","ocean_breadcrumbs_separator_color":"","ocean_breadcrumbs_links_color":"","ocean_breadcrumbs_links_hover_color":"","ocean_display_footer_widgets":"default","ocean_display_footer_bottom":"default","ocean_custom_footer_template":"","footnotes":""},"class_list":["post-151","page","type-page","status-publish","hentry","entry"],"_links":{"self":[{"href":"https:\/\/xn--schwarzwaldknstler-x6b.de\/index.php?rest_route=\/wp\/v2\/pages\/151","targetHints":{"allow":["GET"]}}],"collection":[{"href":"https:\/\/xn--schwarzwaldknstler-x6b.de\/index.php?rest_route=\/wp\/v2\/pages"}],"about":[{"href":"https:\/\/xn--schwarzwaldknstler-x6b.de\/index.php?rest_route=\/wp\/v2\/types\/page"}],"author":[{"embeddable":true,"href":"https:\/\/xn--schwarzwaldknstler-x6b.de\/index.php?rest_route=\/wp\/v2\/users\/1"}],"replies":[{"embeddable":true,"href":"https:\/\/xn--schwarzwaldknstler-x6b.de\/index.php?rest_route=%2Fwp%2Fv2%2Fcomments&post=151"}],"version-history":[{"count":13,"href":"https:\/\/xn--schwarzwaldknstler-x6b.de\/index.php?rest_route=\/wp\/v2\/pages\/151\/revisions"}],"predecessor-version":[{"id":580,"href":"https:\/\/xn--schwarzwaldknstler-x6b.de\/index.php?rest_route=\/wp\/v2\/pages\/151\/revisions\/580"}],"wp:attachment":[{"href":"https:\/\/xn--schwarzwaldknstler-x6b.de\/index.php?rest_route=%2Fwp%2Fv2%2Fmedia&parent=151"}],"curies":[{"name":"wp","href":"https:\/\/api.w.org\/{rel}","templated":true}]}}